{"id":2936,"date":"2024-09-09T15:47:09","date_gmt":"2024-09-09T15:47:09","guid":{"rendered":"https:\/\/www.francescobongiorni.com\/?page_id=2936"},"modified":"2024-09-09T15:49:02","modified_gmt":"2024-09-09T15:49:02","slug":"accessibility-statement","status":"publish","type":"page","link":"https:\/\/www.francescobongiorni.com\/es\/accessibility-statement\/","title":{"rendered":"Declaraci\u00f3n de accesibilidad"},"content":{"rendered":"<div data-elementor-type=\"wp-page\" data-elementor-id=\"2936\" class=\"elementor elementor-2936\" data-elementor-post-type=\"page\">\n\t\t\t\t<div class=\"elementor-element elementor-element-526f20a e-flex e-con-boxed e-con e-parent\" data-id=\"526f20a\" data-element_type=\"container\" data-settings=\"{&quot;jet_parallax_layout_list&quot;:[]}\">\n\t\t\t\t\t<div class=\"e-con-inner\">\n\t\t\t\t\t<\/div>\n\t\t\t\t<\/div>\n\t\t<div class=\"elementor-element elementor-element-681fa20 e-flex e-con-boxed e-con e-parent\" data-id=\"681fa20\" data-element_type=\"container\" data-settings=\"{&quot;jet_parallax_layout_list&quot;:[],&quot;background_background&quot;:&quot;classic&quot;}\">\n\t\t\t\t\t<div class=\"e-con-inner\">\n\t\t<div class=\"elementor-element elementor-element-8b1a77b e-con-full e-flex e-con e-child\" data-id=\"8b1a77b\" data-element_type=\"container\" data-settings=\"{&quot;jet_parallax_layout_list&quot;:[]}\">\n\t\t\t\t<div class=\"elementor-element elementor-element-3d6dc4c elementor-icon-list--layout-inline elementor-align-center elementor-list-item-link-full_width de_scroll_animation_no elementor-invisible elementor-widget elementor-widget-icon-list\" data-id=\"3d6dc4c\" data-element_type=\"widget\" data-settings=\"{&quot;_animation&quot;:&quot;fadeIn&quot;,&quot;_animation_delay&quot;:200}\" data-widget_type=\"icon-list.default\">\n\t\t\t\t<div class=\"elementor-widget-container\">\n\t\t\t\t\t\t\t<ul class=\"elementor-icon-list-items elementor-inline-items\">\n\t\t\t\t\t\t\t<li class=\"elementor-icon-list-item elementor-inline-item\">\n\t\t\t\t\t\t\t\t\t\t\t<a href=\"https:\/\/www.francescobongiorni.com\/es\">\n\n\t\t\t\t\t\t\t\t\t\t\t<span class=\"elementor-icon-list-text\">Inicio<\/span>\n\t\t\t\t\t\t\t\t\t\t\t<\/a>\n\t\t\t\t\t\t\t\t\t<\/li>\n\t\t\t\t\t\t\t\t<li class=\"elementor-icon-list-item elementor-inline-item\">\n\t\t\t\t\t\t\t\t\t\t\t<span class=\"elementor-icon-list-icon\">\n\t\t\t\t\t\t\t<i aria-hidden=\"true\" class=\"icon icon-right-arrow\"><\/i>\t\t\t\t\t\t<\/span>\n\t\t\t\t\t\t\t\t\t\t<span class=\"elementor-icon-list-text\"><\/span>\n\t\t\t\t\t\t\t\t\t<\/li>\n\t\t\t\t\t\t<\/ul>\n\t\t\t\t\t\t<\/div>\n\t\t\t\t<\/div>\n\t\t\t\t<\/div>\n\t\t\t\t\t<\/div>\n\t\t\t\t<\/div>\n\t\t<div class=\"elementor-element elementor-element-2bb4510 e-flex e-con-boxed e-con e-parent\" data-id=\"2bb4510\" data-element_type=\"container\" data-settings=\"{&quot;jet_parallax_layout_list&quot;:[]}\">\n\t\t\t\t\t<div class=\"e-con-inner\">\n\t\t\t\t<div class=\"elementor-element elementor-element-b257a0c elementor-widget__width-initial de_scroll_animation_no elementor-widget elementor-widget-text-editor\" data-id=\"b257a0c\" data-element_type=\"widget\" data-widget_type=\"text-editor.default\">\n\t\t\t\t<div class=\"elementor-widget-container\">\n\t\t\t\t\t\t\t\t\t<p><span style=\"font-weight: 400;\">FRANCESCO BONGIORNI se ha comprometido a hacer su sitio web, de conformidad con el <\/span><a href=\"https:\/\/www.boe.es\/buscar\/act.php?id=BOE-A-2018-12699\"><span style=\"font-weight: 400;\">Real Decreto 1112\/2018, de 7 de septiembre, sobre accesibilidad de los sitios web y aplicaciones para dispositivos m\u00f3viles del sector p\u00fablico<\/span><\/a><span style=\"font-weight: 400;\">.<\/span><\/p><p><span style=\"font-weight: 400;\">Este sitio web est\u00e1 parcialmente<\/span><b> conforme<\/b><span style=\"font-weight: 400;\"> con el <\/span><a href=\"https:\/\/www.boe.es\/diario_boe\/txt.php?id=BOE-A-2018-12699\"><span style=\"font-weight: 400;\">RD 1112\/2018<\/span><\/a><span style=\"font-weight: 400;\"> debido a las excepciones y a la falta de conformidad de los aspectos que se indican a continuaci\u00f3n.<\/span><\/p><h4><span style=\"font-weight: 400;\">Contenido no accesible<\/span><\/h4><p><span style=\"font-weight: 400;\">El contenido que se recoge a continuaci\u00f3n no es accesible por lo siguiente:<\/span><\/p><ul><li style=\"font-weight: 400;\" aria-level=\"1\"><span style=\"font-weight: 400;\">Falta de conformidad con el <\/span><a href=\"https:\/\/www.boe.es\/diario_boe\/txt.php?id=BOE-A-2018-12699\"><span style=\"font-weight: 400;\">RD 1112\/2018<\/span><\/a><span style=\"font-weight: 400;\">:<\/span><ul><li style=\"font-weight: 400;\" aria-level=\"2\"><span style=\"font-weight: 400;\">En el portal pueden existir contenidos en otros idiomas en los que no est\u00e1 etiquetado correctamente el cambio de idioma<\/span><\/li><li style=\"font-weight: 400;\" aria-level=\"2\"><span style=\"font-weight: 400;\">Existen v\u00eddeos sin subt\u00edtulos<\/span><\/li><li style=\"font-weight: 400;\" aria-level=\"2\"><span style=\"font-weight: 400;\">Hay contenido textual sin un contraste suficiente<\/span><\/li><li style=\"font-weight: 400;\" aria-level=\"2\"><span style=\"font-weight: 400;\">Se observa c\u00f3mo en algunos casos el foco no cumple con el m\u00ednimo ratio de contraste requerido<\/span><\/li><li style=\"font-weight: 400;\" aria-level=\"2\"><span style=\"font-weight: 400;\">En alg\u00fan caso puede producirse solapamiento de contenido<\/span><\/li><\/ul><\/li><li style=\"font-weight: 400;\" aria-level=\"1\"><span style=\"font-weight: 400;\">Carga desproporcionada:<\/span><ul><li style=\"font-weight: 400;\" aria-level=\"2\"><span style=\"font-weight: 400;\">No aplica.<\/span><\/li><\/ul><\/li><\/ul><h4><span style=\"font-weight: 400;\">Preparaci\u00f3n de la presente declaraci\u00f3n de accesibilidad<\/span><\/h4><p><span style=\"font-weight: 400;\">La presente declaraci\u00f3n fue preparada el 24 de febrero de 2023.<\/span><\/p><p><span style=\"font-weight: 400;\">El m\u00e9todo empleado para preparar la declaraci\u00f3n ha sido una autoevaluaci\u00f3n llevada a cabo por el propio organismo.<\/span><\/p><p><span style=\"font-weight: 400;\">\u00daltima revisi\u00f3n de la declaraci\u00f3n:24 de febrero de 2023.<\/span><\/p><h4><span style=\"font-weight: 400;\">Observaciones y datos de contacto<\/span><\/h4><h4><span style=\"font-weight: 400;\">Comunicaciones sobre requisitos de accesibilidad<\/span><\/h4><p><span style=\"font-weight: 400;\">Puede realizar comunicaciones sobre requisitos de accesibilidad (art\u00edculo 10.2.a del RD 1112\/2018) como, por ejemplo:<\/span><\/p><ul><li style=\"font-weight: 400;\" aria-level=\"1\"><span style=\"font-weight: 400;\">Informar sobre cualquier posible incumplimiento por parte de este sitio web.<\/span><\/li><li style=\"font-weight: 400;\" aria-level=\"1\"><span style=\"font-weight: 400;\">Transmitir otras dificultades de acceso al contenido.<\/span><\/li><li style=\"font-weight: 400;\" aria-level=\"1\"><span style=\"font-weight: 400;\">Formular cualquier otra consulta o sugerencia de mejora relativa a la accesibilidad del sitio web.<\/span><\/li><\/ul><p><span style=\"font-weight: 400;\">A trav\u00e9s de las siguientes v\u00edas:<\/span><\/p><ul><li style=\"font-weight: 400;\" aria-level=\"1\"><span style=\"font-weight: 400;\">Correo electr\u00f3nico: <a href=\"mailto:mail@francescobongiorni.com\">mail@francescobongiorni.com<\/a><\/span><\/li><li style=\"font-weight: 400;\" aria-level=\"1\"><span style=\"font-weight: 400;\">Tel\u00e9fono: <\/span><span style=\"font-weight: 400;\">tel\u00e9fono-empresa<\/span><\/li><\/ul><p><span style=\"font-weight: 400;\">Las comunicaciones ser\u00e1n recibidas y tratadas por la Unidad Responsable de Accesibilidad.<\/span><\/p><h4><span style=\"font-weight: 400;\">Solicitudes de informaci\u00f3n accesible y quejas<\/span><\/h4><p><span style=\"font-weight: 400;\">A trav\u00e9s de nuestros datos de contacto puede presentar quejas de:<\/span><\/p><ul><li style=\"font-weight: 400;\" aria-level=\"1\"><span style=\"font-weight: 400;\">una Queja relativa al cumplimiento de los requisitos del RD 1112\/2018 o<\/span><\/li><li style=\"font-weight: 400;\" aria-level=\"1\"><span style=\"font-weight: 400;\">una Solicitud de Informaci\u00f3n accesible relativa a:<\/span><ul><li style=\"font-weight: 400;\" aria-level=\"2\"><span style=\"font-weight: 400;\">contenidos que est\u00e1n excluidos del \u00e1mbito de aplicaci\u00f3n del RD 1112\/2018 seg\u00fan lo establecido por el art\u00edculo 3, apartado 4<\/span><\/li><li style=\"font-weight: 400;\" aria-level=\"2\"><span style=\"font-weight: 400;\">contenidos que est\u00e1n exentos del cumplimiento de los requisitos de accesibilidad por imponer una carga desproporcionada.<\/span><\/li><\/ul><\/li><\/ul><p><span style=\"font-weight: 400;\">En la Solicitud de informaci\u00f3n accesible, se debe concretar, con toda claridad, los hechos, razones y petici\u00f3n que permitan constatar que se trata de una solicitud razonable y leg\u00edtima.<\/span><\/p><h4><span style=\"font-weight: 400;\">Procedimiento de aplicaci\u00f3n<\/span><\/h4><p><span style=\"font-weight: 400;\">Si una vez realizada una solicitud de informaci\u00f3n accesible o queja, esta hubiera sido desestimada, no se estuviera de acuerdo con la decisi\u00f3n adoptada, o la respuesta no cumpliera los requisitos contemplados en el art\u00edculo 12.5 del RD 1112\/2018, la persona interesada podr\u00e1 iniciar una reclamaci\u00f3n. Igualmente se podr\u00e1 iniciar una reclamaci\u00f3n en el caso de no haber obtenido respuesta.<\/span><\/p><p><span style=\"font-weight: 400;\">Enlace al <\/span><a href=\"https:\/\/sedeminhap.gob.es\/es-ES\/Organos\/SecretariaGeneralTecnica\/Procedimientos\/Paginas\/Default.aspx?IdProcedimiento=1771&amp;p=2\"><span style=\"font-weight: 400;\">procedimiento de reclamaci\u00f3n <\/span><\/a><span style=\"font-weight: 400;\">, que debe dirigir a la Unidad responsable de accesibilidad de este Ministerio, o si la reclamaci\u00f3n es por una actuaci\u00f3n de dicha Unidad, al superior jer\u00e1rquico de \u00e9sta.<\/span><\/p><h4><span style=\"font-weight: 400;\">Contenido opcional<\/span><\/h4><ul><li style=\"font-weight: 400;\" aria-level=\"1\"><span style=\"font-weight: 400;\">La versi\u00f3n actualmente visible de este sitio web es de febrero de 2023 y en esa fecha se hizo la revisi\u00f3n del nivel de accesibilidad vigente en aquel momento.<\/span><\/li><li style=\"font-weight: 400;\" aria-level=\"1\"><span style=\"font-weight: 400;\">Se ha dise\u00f1ado adapt\u00e1ndose a los est\u00e1ndares y normativas vigentes con relaci\u00f3n a la accesibilidad, cumpliendo con los puntos de verificaci\u00f3n de prioridad 2 (AA) definidos en la especificaci\u00f3n de Pautas de Accesibilidad al Contenido en la Web (WCAG 2.1).<\/span><\/li><li style=\"font-weight: 400;\" aria-level=\"1\"><span style=\"font-weight: 400;\">Est\u00e1 optimizado para las \u00faltimas versiones vigentes de Chrome, Edge, Firefox, Safari y Opera.<\/span><\/li><li style=\"font-weight: 400;\" aria-level=\"1\"><span style=\"font-weight: 400;\">Est\u00e1 dise\u00f1ado para su correcta visualizaci\u00f3n en cualquier resoluci\u00f3n y dispositivo de escritorio, tabletas o m\u00f3viles (dise\u00f1o <\/span><i><span style=\"font-weight: 400;\">responsive<\/span><\/i><span style=\"font-weight: 400;\">).<\/span><\/li><li style=\"font-weight: 400;\" aria-level=\"1\"><span style=\"font-weight: 400;\">Utilizaci\u00f3n de texto alternativo en las im\u00e1genes.<\/span><\/li><li style=\"font-weight: 400;\" aria-level=\"1\"><span style=\"font-weight: 400;\">Los enlaces ofrecen detalles de la funci\u00f3n o destino del hiperv\u00ednculo.<\/span><\/li><li style=\"font-weight: 400;\" aria-level=\"1\"><span style=\"font-weight: 400;\">Se ha realizado utilizando HTML5 como lenguaje de marcado y hojas de estilo CSS 3 para su dise\u00f1o.<\/span><\/li><\/ul><h4><br \/><br \/><\/h4>\t\t\t\t\t\t\t\t<\/div>\n\t\t\t\t<\/div>\n\t\t\t\t\t<\/div>\n\t\t\t\t<\/div>\n\t\t\t\t<\/div>","protected":false},"excerpt":{"rendered":"<p>Home FRANCESCO BONGIORNI se ha comprometido a hacer su sitio web, de conformidad con el Real Decreto 1112\/2018, de 7 de septiembre, sobre accesibilidad de los sitios web y aplicaciones para dispositivos m\u00f3viles del sector p\u00fablico. Este sitio web est\u00e1 parcialmente conforme con el RD 1112\/2018 debido a las excepciones y a la falta de [&hellip;]<\/p>","protected":false},"author":1,"featured_media":0,"parent":0,"menu_order":0,"comment_status":"closed","ping_status":"closed","template":"","meta":{"footnotes":""},"class_list":["post-2936","page","type-page","status-publish","hentry"],"yoast_head":"<!-- This site is optimized with the Yoast SEO plugin v26.1.1 - https:\/\/yoast.com\/wordpress\/plugins\/seo\/ -->\n<title>Accessibility statement - Francesco Bongiorni<\/title>\n<meta name=\"description\" content=\"Home FRANCESCO BONGIORNI se ha comprometido a hacer su sitio web, de conformidad con el Real Decreto 1112\/2018, de 7 de septiembre, sobre accesibilidad de\" \/>\n<meta name=\"robots\" content=\"index, follow, max-snippet:-1, max-image-preview:large, max-video-preview:-1\" \/>\n<link rel=\"canonical\" href=\"https:\/\/www.francescobongiorni.com\/es\/accessibility-statement\/\" \/>\n<meta property=\"og:locale\" content=\"es_ES\" \/>\n<meta property=\"og:type\" content=\"article\" \/>\n<meta property=\"og:title\" content=\"Accessibility statement - Francesco Bongiorni\" \/>\n<meta property=\"og:description\" content=\"Home FRANCESCO BONGIORNI se ha comprometido a hacer su sitio web, de conformidad con el Real Decreto 1112\/2018, de 7 de septiembre, sobre accesibilidad de\" \/>\n<meta property=\"og:url\" content=\"https:\/\/www.francescobongiorni.com\/es\/accessibility-statement\/\" \/>\n<meta property=\"og:site_name\" content=\"Francesco Bongiorni\" \/>\n<meta property=\"article:modified_time\" content=\"2024-09-09T15:49:02+00:00\" \/>\n<meta name=\"twitter:card\" content=\"summary_large_image\" \/>\n<meta name=\"twitter:label1\" content=\"Tiempo de lectura\" \/>\n\t<meta name=\"twitter:data1\" content=\"3 minutos\" \/>\n<script type=\"application\/ld+json\" class=\"yoast-schema-graph\">{\"@context\":\"https:\/\/schema.org\",\"@graph\":[{\"@type\":\"WebPage\",\"@id\":\"https:\/\/www.francescobongiorni.com\/accessibility-statement\/\",\"url\":\"https:\/\/www.francescobongiorni.com\/accessibility-statement\/\",\"name\":\"Accessibility statement - Francesco Bongiorni\",\"isPartOf\":{\"@id\":\"https:\/\/www.francescobongiorni.com\/#website\"},\"datePublished\":\"2024-09-09T15:47:09+00:00\",\"dateModified\":\"2024-09-09T15:49:02+00:00\",\"description\":\"Home FRANCESCO BONGIORNI se ha comprometido a hacer su sitio web, de conformidad con el Real Decreto 1112\/2018, de 7 de septiembre, sobre accesibilidad de\",\"breadcrumb\":{\"@id\":\"https:\/\/www.francescobongiorni.com\/accessibility-statement\/#breadcrumb\"},\"inLanguage\":\"es\",\"potentialAction\":[{\"@type\":\"ReadAction\",\"target\":[\"https:\/\/www.francescobongiorni.com\/accessibility-statement\/\"]}]},{\"@type\":\"BreadcrumbList\",\"@id\":\"https:\/\/www.francescobongiorni.com\/accessibility-statement\/#breadcrumb\",\"itemListElement\":[{\"@type\":\"ListItem\",\"position\":1,\"name\":\"Home\",\"item\":\"https:\/\/www.francescobongiorni.com\/\"},{\"@type\":\"ListItem\",\"position\":2,\"name\":\"Accessibility statement\"}]},{\"@type\":\"WebSite\",\"@id\":\"https:\/\/www.francescobongiorni.com\/#website\",\"url\":\"https:\/\/www.francescobongiorni.com\/\",\"name\":\"Francesco Bongiorni\",\"description\":\"Francesco Bongiorni ilustrador\",\"publisher\":{\"@id\":\"https:\/\/www.francescobongiorni.com\/#organization\"},\"potentialAction\":[{\"@type\":\"SearchAction\",\"target\":{\"@type\":\"EntryPoint\",\"urlTemplate\":\"https:\/\/www.francescobongiorni.com\/?s={search_term_string}\"},\"query-input\":{\"@type\":\"PropertyValueSpecification\",\"valueRequired\":true,\"valueName\":\"search_term_string\"}}],\"inLanguage\":\"es\"},{\"@type\":\"Organization\",\"@id\":\"https:\/\/www.francescobongiorni.com\/#organization\",\"name\":\"Francesco Bongiorni\",\"url\":\"https:\/\/www.francescobongiorni.com\/\",\"logo\":{\"@type\":\"ImageObject\",\"inLanguage\":\"es\",\"@id\":\"https:\/\/www.francescobongiorni.com\/#\/schema\/logo\/image\/\",\"url\":\"https:\/\/www.francescobongiorni.com\/wp-content\/uploads\/2024\/07\/LOGOFB.png\",\"contentUrl\":\"https:\/\/www.francescobongiorni.com\/wp-content\/uploads\/2024\/07\/LOGOFB.png\",\"width\":176,\"height\":100,\"caption\":\"Francesco Bongiorni\"},\"image\":{\"@id\":\"https:\/\/www.francescobongiorni.com\/#\/schema\/logo\/image\/\"}}]}<\/script>\n<!-- \/ Yoast SEO plugin. -->","yoast_head_json":{"title":"Accessibility statement - Francesco Bongiorni","description":"Home FRANCESCO BONGIORNI se ha comprometido a hacer su sitio web, de conformidad con el Real Decreto 1112\/2018, de 7 de septiembre, sobre accesibilidad de","robots":{"index":"index","follow":"follow","max-snippet":"max-snippet:-1","max-image-preview":"max-image-preview:large","max-video-preview":"max-video-preview:-1"},"canonical":"https:\/\/www.francescobongiorni.com\/es\/accessibility-statement\/","og_locale":"es_ES","og_type":"article","og_title":"Accessibility statement - Francesco Bongiorni","og_description":"Home FRANCESCO BONGIORNI se ha comprometido a hacer su sitio web, de conformidad con el Real Decreto 1112\/2018, de 7 de septiembre, sobre accesibilidad de","og_url":"https:\/\/www.francescobongiorni.com\/es\/accessibility-statement\/","og_site_name":"Francesco Bongiorni","article_modified_time":"2024-09-09T15:49:02+00:00","twitter_card":"summary_large_image","twitter_misc":{"Tiempo de lectura":"3 minutos"},"schema":{"@context":"https:\/\/schema.org","@graph":[{"@type":"WebPage","@id":"https:\/\/www.francescobongiorni.com\/accessibility-statement\/","url":"https:\/\/www.francescobongiorni.com\/accessibility-statement\/","name":"Accessibility statement - Francesco Bongiorni","isPartOf":{"@id":"https:\/\/www.francescobongiorni.com\/#website"},"datePublished":"2024-09-09T15:47:09+00:00","dateModified":"2024-09-09T15:49:02+00:00","description":"Home FRANCESCO BONGIORNI se ha comprometido a hacer su sitio web, de conformidad con el Real Decreto 1112\/2018, de 7 de septiembre, sobre accesibilidad de","breadcrumb":{"@id":"https:\/\/www.francescobongiorni.com\/accessibility-statement\/#breadcrumb"},"inLanguage":"es","potentialAction":[{"@type":"ReadAction","target":["https:\/\/www.francescobongiorni.com\/accessibility-statement\/"]}]},{"@type":"BreadcrumbList","@id":"https:\/\/www.francescobongiorni.com\/accessibility-statement\/#breadcrumb","itemListElement":[{"@type":"ListItem","position":1,"name":"Home","item":"https:\/\/www.francescobongiorni.com\/"},{"@type":"ListItem","position":2,"name":"Accessibility statement"}]},{"@type":"WebSite","@id":"https:\/\/www.francescobongiorni.com\/#website","url":"https:\/\/www.francescobongiorni.com\/","name":"Francesco Bongiorni","description":"Francesco Bongiorni ilustrador","publisher":{"@id":"https:\/\/www.francescobongiorni.com\/#organization"},"potentialAction":[{"@type":"SearchAction","target":{"@type":"EntryPoint","urlTemplate":"https:\/\/www.francescobongiorni.com\/?s={search_term_string}"},"query-input":{"@type":"PropertyValueSpecification","valueRequired":true,"valueName":"search_term_string"}}],"inLanguage":"es"},{"@type":"Organization","@id":"https:\/\/www.francescobongiorni.com\/#organization","name":"Francesco Bongiorni","url":"https:\/\/www.francescobongiorni.com\/","logo":{"@type":"ImageObject","inLanguage":"es","@id":"https:\/\/www.francescobongiorni.com\/#\/schema\/logo\/image\/","url":"https:\/\/www.francescobongiorni.com\/wp-content\/uploads\/2024\/07\/LOGOFB.png","contentUrl":"https:\/\/www.francescobongiorni.com\/wp-content\/uploads\/2024\/07\/LOGOFB.png","width":176,"height":100,"caption":"Francesco Bongiorni"},"image":{"@id":"https:\/\/www.francescobongiorni.com\/#\/schema\/logo\/image\/"}}]}},"_links":{"self":[{"href":"https:\/\/www.francescobongiorni.com\/es\/wp-json\/wp\/v2\/pages\/2936","targetHints":{"allow":["GET"]}}],"collection":[{"href":"https:\/\/www.francescobongiorni.com\/es\/wp-json\/wp\/v2\/pages"}],"about":[{"href":"https:\/\/www.francescobongiorni.com\/es\/wp-json\/wp\/v2\/types\/page"}],"author":[{"embeddable":true,"href":"https:\/\/www.francescobongiorni.com\/es\/wp-json\/wp\/v2\/users\/1"}],"replies":[{"embeddable":true,"href":"https:\/\/www.francescobongiorni.com\/es\/wp-json\/wp\/v2\/comments?post=2936"}],"version-history":[{"count":7,"href":"https:\/\/www.francescobongiorni.com\/es\/wp-json\/wp\/v2\/pages\/2936\/revisions"}],"predecessor-version":[{"id":2943,"href":"https:\/\/www.francescobongiorni.com\/es\/wp-json\/wp\/v2\/pages\/2936\/revisions\/2943"}],"wp:attachment":[{"href":"https:\/\/www.francescobongiorni.com\/es\/wp-json\/wp\/v2\/media?parent=2936"}],"curies":[{"name":"wp","href":"https:\/\/api.w.org\/{rel}","templated":true}]}}